{"id":35744,"date":"2024-06-18T22:51:27","date_gmt":"2024-06-18T20:51:27","guid":{"rendered":"https:\/\/marketing.equusarea.com\/terminos-de-licencia\/"},"modified":"2025-04-10T12:26:30","modified_gmt":"2025-04-10T10:26:30","slug":"terminos-de-licencia","status":"publish","type":"page","link":"https:\/\/marketing.equusarea.com\/es\/terminos-de-licencia\/","title":{"rendered":"Licencias"},"content":{"rendered":"\t\t<div data-elementor-type=\"wp-page\" data-elementor-id=\"35744\" class=\"elementor elementor-35744 elementor-35649\" data-elementor-post-type=\"page\">\n\t\t\t\t\t\t<section class=\"elementor-section elementor-top-section elementor-element elementor-element-84628e9 elementor-section-height-min-height elementor-section-items-top elementor-section-boxed elementor-section-height-default\" data-id=\"84628e9\" data-element_type=\"section\" data-e-type=\"section\">\n\t\t\t\t\t\t<div class=\"elementor-container elementor-column-gap-default\">\n\t\t\t\t\t<div class=\"elementor-column elementor-col-50 elementor-top-column elementor-element elementor-element-556b44e\" data-id=\"556b44e\" data-element_type=\"column\" data-e-type=\"column\" data-settings=\"{&quot;background_background&quot;:&quot;classic&quot;}\">\n\t\t\t<div class=\"elementor-widget-wrap elementor-element-populated\">\n\t\t\t\t\t\t<div class=\"elementor-element elementor-element-68965d0 elementor-widget elementor-widget-heading\" data-id=\"68965d0\" data-element_type=\"widget\" data-e-type=\"widget\" data-widget_type=\"heading.default\">\n\t\t\t\t<div class=\"elementor-widget-container\">\n\t\t\t\t\t<h2 class=\"elementor-heading-title elementor-size-default\"><div style=\"background:#000;padding:10px\">USO PERSONAL<\/div><\/h2>\t\t\t\t<\/div>\n\t\t\t\t<\/div>\n\t\t\t\t<div class=\"elementor-element elementor-element-dba2520 elementor-widget elementor-widget-text-editor\" data-id=\"dba2520\" data-element_type=\"widget\" data-e-type=\"widget\" data-widget_type=\"text-editor.default\">\n\t\t\t\t<div class=\"elementor-widget-container\">\n\t\t\t\t\t\t\t\t\t<strong>\u00a1Solicita tu cup\u00f3n de descuento si nos encargas un Reel!<\/strong><br><ul>\r\n \t<li data-start=\"58\" data-end=\"227\">Resoluci\u00f3n media recomendada para web y redes sociales<\/li>\r\n \t<li data-start=\"58\" data-end=\"227\">Resoluci\u00f3n alta recomendada para impresi\u00f3n en gran formato<\/li>\r\n \t<li data-start=\"58\" data-end=\"227\"><strong data-start=\"176\" data-end=\"197\">No est\u00e1 permitido<\/strong> el uso comercial ni editorial<\/li>\r\n<\/ul>\t\t\t\t\t\t\t\t<\/div>\n\t\t\t\t<\/div>\n\t\t\t\t<div class=\"elementor-element elementor-element-8213797 elementor-widget elementor-widget-ucaddon_ue_table\" data-id=\"8213797\" data-element_type=\"widget\" data-e-type=\"widget\" data-widget_type=\"ucaddon_ue_table.default\">\n\t\t\t\t<div class=\"elementor-widget-container\">\n\t\t\t\t\t\n<!-- start Unlimited Table -->\n\t\t<link id='font-awesome-css' href='https:\/\/marketing.equusarea.com\/wp-content\/plugins\/unlimited-elements-for-elementor-premium\/assets_libraries\/font-awesome6\/fontawesome-all.min.css' type='text\/css' rel='stylesheet' >\n\t\t<link id='font-awesome-4-shim-css' href='https:\/\/marketing.equusarea.com\/wp-content\/plugins\/unlimited-elements-for-elementor-premium\/assets_libraries\/font-awesome6\/fontawesome-v4-shims.min.css' type='text\/css' rel='stylesheet' >\n\t\t<link id='uc_ac_assets_file_tabulator_min_css_25955-css' href='https:\/\/marketing.equusarea.com\/wp-content\/uploads\/ac_assets\/ue_table\/vendor\/tabulator.min.css' type='text\/css' rel='stylesheet' >\n\n<style>\/* widget: Unlimited Table *\/\n\n#uc_ue_table_elementor_8213797.ue-table {\n  display: flex;\n  flex-direction: column;\n  opacity: 1;\n  transition: opacity .3s ease-in-out;\n}\n\n\n#uc_ue_table_elementor_8213797 .tabulator-header .tabulator-col svg,\n#uc_ue_table_elementor_8213797 .tabulator-table .tabulator-cell svg {\n  height:1em;\n  width:1em;\n}\n\n\n#uc_ue_table_elementor_8213797.ue-table.uc-show {\n  opacity: 1;\n}\n\n\n#uc_ue_table_elementor_8213797 .ue-table__tools {\n  display: flex;\n  justify-content: flex-end;\n  }\n\n#uc_ue_table_elementor_8213797 .ue-table__search-btn,\n#uc_ue_table_elementor_8213797 .ue-table__search-fields-toggle {\n  height: 100%\n}\n\n#uc_ue_table_elementor_8213797 .ue-table__filter-container {\n  position: relative;\n  display: flex;\n  justify-content: center;\n  align-items: center;\n}\n\n#uc_ue_table_elementor_8213797 .ue-table__search-fields {\n  position: absolute;\n  top: 0;\n  width: 100%;\n  max-height: 200px;\n  overflow: auto;\n  list-style-type: none;\n  z-index: 2;\n  display: flex;\n  flex-direction: column;\n  gap: .5em;\n  transform-origin: top center;\n  transform: scaleY(0);\n  transition: transform .3s ease-in-out;\n}\n\n#uc_ue_table_elementor_8213797 .ue-table__search-fields.uc-show {\n  transform: scaleY(1);\n}\n\n#uc_ue_table_elementor_8213797 .ue-table__search-fields li {\n  display: flex;\n  align-items: center;\n  gap: 0.5em;\n}\n\n#uc_ue_table_elementor_8213797 .ue-table-icon {\n  position: relative;\n\tdisplay: flex;\n    justify-content: center;\n    align-items: center;\n  cursor: pointer;\n  padding: 5px;\n}\n\n\n.ue-table__templates-container {\n\tdisplay: none;\n}\n\n#uc_ue_table_elementor_8213797 .tabulator-cell {\t\n  white-space: normal;\n}\n\n  #uc_ue_table_elementor_8213797 .tabulator-responsive-collapse {\t\n      white-space: normal;\n  }\n\n#uc_ue_table_elementor_8213797 .tabulator .tabulator-header .tabulator-col {\n  color: #000000;\n  background-color: #F4F8FF;\n}\n\n#uc_ue_table_elementor_8213797 .tabulator .tabulator-header .tabulator-col:hover {\n  background-color: ;\n}\n\n\n  #uc_ue_table_elementor_8213797 .tabulator .tabulator-header .tabulator-col,\n  #uc_ue_table_elementor_8213797 .tabulator .tabulator-header .tabulator-cell,\n  #uc_ue_table_elementor_8213797 .tabulator .tabulator-row .tabulator-col,\n  #uc_ue_table_elementor_8213797 .tabulator .tabulator-row .tabulator-cell {\n      border-left-style: solid;\n    border-left: none;\n  }\n  #uc_ue_table_elementor_8213797 .tabulator-col-resize-handle {\n    border-width: 1px;\n      border-left-color: #555555;\n    border-left-style: solid;\n  }\n\n@media screen and (max-width: 1024px) {\n  #uc_ue_table_elementor_8213797 .tabulator-col-resize-handle {\n    border-width: ;\n  }\n}\n@media screen and (max-width: 767px) {\n  #uc_ue_table_elementor_8213797 .tabulator-col-resize-handle {\n    border-width: ;\n  }\n}\n\n#uc_ue_table_elementor_8213797 .tabulator-headers .tabulator-col:last-of-type,\n#uc_ue_table_elementor_8213797 .tabulator-row .tabulator-cell:last-of-type{\n  border-right: none !important;\n}\n\n#uc_ue_table_elementor_8213797 .tabulator-col-resize-handle:last-of-type {\n  display: none;\n}\n\n\n.tabulator-col,\n.tabulator-row,\n.tabulator-cell,\n.ue-table-column__button {\n  transition: all .2s ease-in-out;\n}\n\n.ue-table-column__button {\n  display: inline-block;\n}\n\n\/*\n.tabulator-headers>.tabulator-col:not([class*='elementor-repeater-item']),\n.tabulator-table>.tabulator-row>.tabulator-cell:not([tabulator-field*='column']) {\n\twidth: 100px !important;\n}\n*\/\n\n.tabulator-table>.tabulator-row>.tabulator-cell:not([tabulator-field*='column'])\n\n\t    \n\n\n\n\t    \n\n\n\n\t    \n\n\n\n   \n\n  \n   \n  \n\n\n\n\n\n\n\n\n\t\t\t \n\t\n     \n  \n\n\n\n\n\n\t\t\t \n\t\n     \n  \n\n\n\n\n\n\t\t\t \n\t\n     \n  \n\n\n   \n\n    \t \n  \n   \n  \n\n\n\n\n\n\n\n\n\t\t\t \n\t\n     \n  \n\n\n\n\n\n\t\t\t \n\t\n     \n  \n\n\n\n\n\n\t\t\t \n\t\n     \n  \n\n\n   \n\n    \t \n  \n   \n  \n\n\n\n\n\n\n\n\n\t\t\t \n\t\n     \n  \n\n\n\n\n\n\t\t\t \n\t\n     \n  \n\n\n\n\n\n\t\t\t \n\t\n     \n  \n\n\n\n<\/style>\n\n<div id=\"uc_ue_table_elementor_8213797\" class=\"ue-table\">\n    <div class=\"ue-table__tools\" role=\"menu\">\n                            <\/div>\n  <div class=\"ue-table__container\" tabindex=\"0\"><\/div>\n  <div class=\"ue-table__templates-container\">\n  \t\n\n\n\n\n\n\n\n\n\n\n\n\n\n\n \n  <\/div>\n<\/div>\n\n\n\n<!-- end Unlimited Table -->\t\t\t\t<\/div>\n\t\t\t\t<\/div>\n\t\t\t\t\t<\/div>\n\t\t<\/div>\n\t\t\t\t<div class=\"elementor-column elementor-col-50 elementor-top-column elementor-element elementor-element-8d151bd\" data-id=\"8d151bd\" data-element_type=\"column\" data-e-type=\"column\" data-settings=\"{&quot;background_background&quot;:&quot;classic&quot;}\">\n\t\t\t<div class=\"elementor-widget-wrap elementor-element-populated\">\n\t\t\t\t\t\t<div class=\"elementor-element elementor-element-73281ca elementor-widget elementor-widget-heading\" data-id=\"73281ca\" data-element_type=\"widget\" data-e-type=\"widget\" data-widget_type=\"heading.default\">\n\t\t\t\t<div class=\"elementor-widget-container\">\n\t\t\t\t\t<h2 class=\"elementor-heading-title elementor-size-default\"><div style=\"background:#000;padding:10px\">USO EDITORIAL<\/div><\/h2>\t\t\t\t<\/div>\n\t\t\t\t<\/div>\n\t\t\t\t<div class=\"elementor-element elementor-element-cd27f06 elementor-widget elementor-widget-text-editor\" data-id=\"cd27f06\" data-element_type=\"widget\" data-e-type=\"widget\" data-widget_type=\"text-editor.default\">\n\t\t\t\t<div class=\"elementor-widget-container\">\n\t\t\t\t\t\t\t\t\t<strong>\u00a1Solicita tu cup\u00f3n de descuento por fidelidad!<\/strong><br><ul>\r\n \t<li data-start=\"48\" data-end=\"178\">Licencia profesional para medios impresos y digitales, blogs, sitios web y redes sociales<\/li>\r\n \t<li data-start=\"48\" data-end=\"178\"><strong data-start=\"140\" data-end=\"161\">No est\u00e1 permitido<\/strong> el uso comercial<\/li>\r\n<\/ul>\t\t\t\t\t\t\t\t<\/div>\n\t\t\t\t<\/div>\n\t\t\t\t<div class=\"elementor-element elementor-element-a72ecb1 elementor-widget elementor-widget-ucaddon_ue_table\" data-id=\"a72ecb1\" data-element_type=\"widget\" data-e-type=\"widget\" data-widget_type=\"ucaddon_ue_table.default\">\n\t\t\t\t<div class=\"elementor-widget-container\">\n\t\t\t\t\t\n<!-- start Unlimited Table -->\n\n<style>\/* widget: Unlimited Table *\/\n\n#uc_ue_table_elementor_a72ecb1.ue-table {\n  display: flex;\n  flex-direction: column;\n  opacity: 1;\n  transition: opacity .3s ease-in-out;\n}\n\n\n#uc_ue_table_elementor_a72ecb1 .tabulator-header .tabulator-col svg,\n#uc_ue_table_elementor_a72ecb1 .tabulator-table .tabulator-cell svg {\n  height:1em;\n  width:1em;\n}\n\n\n#uc_ue_table_elementor_a72ecb1.ue-table.uc-show {\n  opacity: 1;\n}\n\n\n#uc_ue_table_elementor_a72ecb1 .ue-table__tools {\n  display: flex;\n  justify-content: flex-end;\n  }\n\n#uc_ue_table_elementor_a72ecb1 .ue-table__search-btn,\n#uc_ue_table_elementor_a72ecb1 .ue-table__search-fields-toggle {\n  height: 100%\n}\n\n#uc_ue_table_elementor_a72ecb1 .ue-table__filter-container {\n  position: relative;\n  display: flex;\n  justify-content: center;\n  align-items: center;\n}\n\n#uc_ue_table_elementor_a72ecb1 .ue-table__search-fields {\n  position: absolute;\n  top: 0;\n  width: 100%;\n  max-height: 200px;\n  overflow: auto;\n  list-style-type: none;\n  z-index: 2;\n  display: flex;\n  flex-direction: column;\n  gap: .5em;\n  transform-origin: top center;\n  transform: scaleY(0);\n  transition: transform .3s ease-in-out;\n}\n\n#uc_ue_table_elementor_a72ecb1 .ue-table__search-fields.uc-show {\n  transform: scaleY(1);\n}\n\n#uc_ue_table_elementor_a72ecb1 .ue-table__search-fields li {\n  display: flex;\n  align-items: center;\n  gap: 0.5em;\n}\n\n#uc_ue_table_elementor_a72ecb1 .ue-table-icon {\n  position: relative;\n\tdisplay: flex;\n    justify-content: center;\n    align-items: center;\n  cursor: pointer;\n  padding: 5px;\n}\n\n\n.ue-table__templates-container {\n\tdisplay: none;\n}\n\n#uc_ue_table_elementor_a72ecb1 .tabulator-cell {\t\n  white-space: normal;\n}\n\n  #uc_ue_table_elementor_a72ecb1 .tabulator-responsive-collapse {\t\n      white-space: normal;\n  }\n\n#uc_ue_table_elementor_a72ecb1 .tabulator .tabulator-header .tabulator-col {\n  color: #000000;\n  background-color: #F4F8FF;\n}\n\n#uc_ue_table_elementor_a72ecb1 .tabulator .tabulator-header .tabulator-col:hover {\n  background-color: ;\n}\n\n\n  #uc_ue_table_elementor_a72ecb1 .tabulator .tabulator-header .tabulator-col,\n  #uc_ue_table_elementor_a72ecb1 .tabulator .tabulator-header .tabulator-cell,\n  #uc_ue_table_elementor_a72ecb1 .tabulator .tabulator-row .tabulator-col,\n  #uc_ue_table_elementor_a72ecb1 .tabulator .tabulator-row .tabulator-cell {\n      border-left-style: solid;\n    border-left: none;\n  }\n  #uc_ue_table_elementor_a72ecb1 .tabulator-col-resize-handle {\n    border-width: 1px;\n      border-left-color: #555555;\n    border-left-style: solid;\n  }\n\n@media screen and (max-width: 1024px) {\n  #uc_ue_table_elementor_a72ecb1 .tabulator-col-resize-handle {\n    border-width: ;\n  }\n}\n@media screen and (max-width: 767px) {\n  #uc_ue_table_elementor_a72ecb1 .tabulator-col-resize-handle {\n    border-width: ;\n  }\n}\n\n#uc_ue_table_elementor_a72ecb1 .tabulator-headers .tabulator-col:last-of-type,\n#uc_ue_table_elementor_a72ecb1 .tabulator-row .tabulator-cell:last-of-type{\n  border-right: none !important;\n}\n\n#uc_ue_table_elementor_a72ecb1 .tabulator-col-resize-handle:last-of-type {\n  display: none;\n}\n\n\n.tabulator-col,\n.tabulator-row,\n.tabulator-cell,\n.ue-table-column__button {\n  transition: all .2s ease-in-out;\n}\n\n.ue-table-column__button {\n  display: inline-block;\n}\n\n\/*\n.tabulator-headers>.tabulator-col:not([class*='elementor-repeater-item']),\n.tabulator-table>.tabulator-row>.tabulator-cell:not([tabulator-field*='column']) {\n\twidth: 100px !important;\n}\n*\/\n\n.tabulator-table>.tabulator-row>.tabulator-cell:not([tabulator-field*='column'])\n\n\t    \n\n\n\n\t    \n\n\n\n\t    \n\n\n\n   \n\n  \n   \n  \n\n\n\n\n\n\n\n\n\t\t\t \n\t\n     \n  \n\n\n\n\n\n\t\t\t \n\t\n     \n  \n\n\n\n\n\n\t\t\t \n\t\n     \n  \n\n\n   \n\n    \t \n  \n   \n  \n\n\n\n\n\n\n\n\n\t\t\t \n\t\n     \n  \n\n\n\n\n\n\t\t\t \n\t\n     \n  \n\n\n\n\n\n\t\t\t \n\t\n     \n  \n\n\n   \n\n    \t \n  \n   \n  \n\n\n\n\n\n\n\n\n\t\t\t \n\t\n     \n  \n\n\n\n\n\n\t\t\t \n\t\n     \n  \n\n\n\n\n\n\t\t\t \n\t\n     \n  \n\n\n\n<\/style>\n\n<div id=\"uc_ue_table_elementor_a72ecb1\" class=\"ue-table\">\n    <div class=\"ue-table__tools\" role=\"menu\">\n                            <\/div>\n  <div class=\"ue-table__container\" tabindex=\"0\"><\/div>\n  <div class=\"ue-table__templates-container\">\n  \t\n\n\n\n\n\n\n\n\n\n\n\n\n\n\n \n  <\/div>\n<\/div>\n\n\n\n<!-- end Unlimited Table -->\t\t\t\t<\/div>\n\t\t\t\t<\/div>\n\t\t\t\t\t<\/div>\n\t\t<\/div>\n\t\t\t\t\t<\/div>\n\t\t<\/section>\n\t\t\t\t<section class=\"elementor-section elementor-top-section elementor-element elementor-element-96c3e4a elementor-section-height-min-height elementor-section-items-top elementor-section-boxed elementor-section-height-default\" data-id=\"96c3e4a\" data-element_type=\"section\" data-e-type=\"section\">\n\t\t\t\t\t\t<div class=\"elementor-container elementor-column-gap-default\">\n\t\t\t\t\t<div class=\"elementor-column elementor-col-100 elementor-top-column elementor-element elementor-element-84315ad\" data-id=\"84315ad\" data-element_type=\"column\" data-e-type=\"column\">\n\t\t\t<div class=\"elementor-widget-wrap elementor-element-populated\">\n\t\t\t\t\t\t<div class=\"elementor-element elementor-element-c7f665f elementor-align-center elementor-widget elementor-widget-button\" data-id=\"c7f665f\" data-element_type=\"widget\" data-e-type=\"widget\" data-widget_type=\"button.default\">\n\t\t\t\t<div class=\"elementor-widget-container\">\n\t\t\t\t\t\t\t\t\t<div class=\"elementor-button-wrapper\">\n\t\t\t\t\t<a class=\"elementor-button elementor-button-link elementor-size-sm\" href=\"https:\/\/marketing.equusarea.com\/es\/galerias\/\">\n\t\t\t\t\t\t<span class=\"elementor-button-content-wrapper\">\n\t\t\t\t\t\t<span class=\"elementor-button-icon\">\n\t\t\t\t<i aria-hidden=\"true\" class=\"fas fa-backspace\"><\/i>\t\t\t<\/span>\n\t\t\t\t\t\t\t\t\t<span class=\"elementor-button-text\">Volver a las galer\u00edas<\/span>\n\t\t\t\t\t<\/span>\n\t\t\t\t\t<\/a>\n\t\t\t\t<\/div>\n\t\t\t\t\t\t\t\t<\/div>\n\t\t\t\t<\/div>\n\t\t\t\t\t<\/div>\n\t\t<\/div>\n\t\t\t\t\t<\/div>\n\t\t<\/section>\n\t\t\t\t<\/div>\n\t\t","protected":false},"excerpt":{"rendered":"<p>USO PERSONAL \u00a1Solicita tu cup\u00f3n de descuento si nos encargas un Reel! Resoluci\u00f3n media recomendada para web y redes sociales Resoluci\u00f3n alta recomendada para impresi\u00f3n en gran formato No est\u00e1 permitido el uso comercial ni editorial USO EDITORIAL \u00a1Solicita tu cup\u00f3n de descuento por fidelidad! Licencia profesional para medios impresos y digitales, blogs, sitios web [&hellip;]<\/p>\n","protected":false},"author":1,"featured_media":0,"parent":0,"menu_order":0,"comment_status":"closed","ping_status":"closed","template":"elementor_header_footer","meta":{"ngg_post_thumbnail":0,"footnotes":""},"class_list":["post-35744","page","type-page","status-publish","hentry"],"yoast_head":"<!-- This site is optimized with the Yoast SEO Premium plugin v24.7 (Yoast SEO v27.5) - https:\/\/yoast.com\/product\/yoast-seo-premium-wordpress\/ -->\n<title>Licencias - EQUUS AREA<\/title>\n<meta name=\"robots\" content=\"index, follow, max-snippet:-1, max-image-preview:large, max-video-preview:-1\" \/>\n<link rel=\"canonical\" href=\"https:\/\/marketing.equusarea.com\/license-terms\/\" \/>\n<meta property=\"og:locale\" content=\"es_ES\" \/>\n<meta property=\"og:type\" content=\"article\" \/>\n<meta property=\"og:title\" content=\"Licencias\" \/>\n<meta property=\"og:description\" content=\"USO PERSONAL \u00a1Solicita tu cup\u00f3n de descuento si nos encargas un Reel! Resoluci\u00f3n media recomendada para web y redes sociales Resoluci\u00f3n alta recomendada para impresi\u00f3n en gran formato No est\u00e1 permitido el uso comercial ni editorial USO EDITORIAL \u00a1Solicita tu cup\u00f3n de descuento por fidelidad! Licencia profesional para medios impresos y digitales, blogs, sitios web [&hellip;]\" \/>\n<meta property=\"og:url\" content=\"https:\/\/marketing.equusarea.com\/license-terms\/\" \/>\n<meta property=\"og:site_name\" content=\"EQUUS AREA\" \/>\n<meta property=\"article:publisher\" content=\"https:\/\/www.facebook.com\/marketing.equusarea\/\" \/>\n<meta property=\"article:modified_time\" content=\"2025-04-10T10:26:30+00:00\" \/>\n<meta name=\"twitter:card\" content=\"summary_large_image\" \/>\n<script type=\"application\/ld+json\" class=\"yoast-schema-graph\">{\"@context\":\"https:\\\/\\\/schema.org\",\"@graph\":[{\"@type\":\"WebPage\",\"@id\":\"https:\\\/\\\/marketing.equusarea.com\\\/license-terms\\\/\",\"url\":\"https:\\\/\\\/marketing.equusarea.com\\\/license-terms\\\/\",\"name\":\"Licencias - EQUUS AREA\",\"isPartOf\":{\"@id\":\"https:\\\/\\\/marketing.equusarea.com\\\/es\\\/#website\"},\"datePublished\":\"2024-06-18T20:51:27+00:00\",\"dateModified\":\"2025-04-10T10:26:30+00:00\",\"breadcrumb\":{\"@id\":\"https:\\\/\\\/marketing.equusarea.com\\\/license-terms\\\/#breadcrumb\"},\"inLanguage\":\"es\",\"potentialAction\":[{\"@type\":\"ReadAction\",\"target\":[\"https:\\\/\\\/marketing.equusarea.com\\\/license-terms\\\/\"]}]},{\"@type\":\"BreadcrumbList\",\"@id\":\"https:\\\/\\\/marketing.equusarea.com\\\/license-terms\\\/#breadcrumb\",\"itemListElement\":[{\"@type\":\"ListItem\",\"position\":1,\"name\":\"Home\",\"item\":\"https:\\\/\\\/marketing.equusarea.com\\\/es\\\/\"},{\"@type\":\"ListItem\",\"position\":2,\"name\":\"Licencias\"}]},{\"@type\":\"WebSite\",\"@id\":\"https:\\\/\\\/marketing.equusarea.com\\\/es\\\/#website\",\"url\":\"https:\\\/\\\/marketing.equusarea.com\\\/es\\\/\",\"name\":\"EQUUS AREA\",\"description\":\"Internacional Equestrian Marketplace\",\"publisher\":{\"@id\":\"https:\\\/\\\/marketing.equusarea.com\\\/es\\\/#organization\"},\"potentialAction\":[{\"@type\":\"SearchAction\",\"target\":{\"@type\":\"EntryPoint\",\"urlTemplate\":\"https:\\\/\\\/marketing.equusarea.com\\\/es\\\/?s={search_term_string}\"},\"query-input\":{\"@type\":\"PropertyValueSpecification\",\"valueRequired\":true,\"valueName\":\"search_term_string\"}}],\"inLanguage\":\"es\"},{\"@type\":\"Organization\",\"@id\":\"https:\\\/\\\/marketing.equusarea.com\\\/es\\\/#organization\",\"name\":\"EQUUS AREA\",\"url\":\"https:\\\/\\\/marketing.equusarea.com\\\/es\\\/\",\"logo\":{\"@type\":\"ImageObject\",\"inLanguage\":\"es\",\"@id\":\"https:\\\/\\\/marketing.equusarea.com\\\/es\\\/#\\\/schema\\\/logo\\\/image\\\/\",\"url\":\"https:\\\/\\\/galeria.fra1.digitaloceanspaces.com\\\/wp-content\\\/uploads\\\/2022\\\/06\\\/11182919\\\/cropped-Equusarea-logo.gif\",\"contentUrl\":\"https:\\\/\\\/galeria.fra1.digitaloceanspaces.com\\\/wp-content\\\/uploads\\\/2022\\\/06\\\/11182919\\\/cropped-Equusarea-logo.gif\",\"width\":700,\"height\":274,\"caption\":\"EQUUS AREA\"},\"image\":{\"@id\":\"https:\\\/\\\/marketing.equusarea.com\\\/es\\\/#\\\/schema\\\/logo\\\/image\\\/\"},\"sameAs\":[\"https:\\\/\\\/www.facebook.com\\\/marketing.equusarea\\\/\"]}]}<\/script>\n<!-- \/ Yoast SEO Premium plugin. -->","yoast_head_json":{"title":"Licencias - EQUUS AREA","robots":{"index":"index","follow":"follow","max-snippet":"max-snippet:-1","max-image-preview":"max-image-preview:large","max-video-preview":"max-video-preview:-1"},"canonical":"https:\/\/marketing.equusarea.com\/license-terms\/","og_locale":"es_ES","og_type":"article","og_title":"Licencias","og_description":"USO PERSONAL \u00a1Solicita tu cup\u00f3n de descuento si nos encargas un Reel! Resoluci\u00f3n media recomendada para web y redes sociales Resoluci\u00f3n alta recomendada para impresi\u00f3n en gran formato No est\u00e1 permitido el uso comercial ni editorial USO EDITORIAL \u00a1Solicita tu cup\u00f3n de descuento por fidelidad! Licencia profesional para medios impresos y digitales, blogs, sitios web [&hellip;]","og_url":"https:\/\/marketing.equusarea.com\/license-terms\/","og_site_name":"EQUUS AREA","article_publisher":"https:\/\/www.facebook.com\/marketing.equusarea\/","article_modified_time":"2025-04-10T10:26:30+00:00","twitter_card":"summary_large_image","schema":{"@context":"https:\/\/schema.org","@graph":[{"@type":"WebPage","@id":"https:\/\/marketing.equusarea.com\/license-terms\/","url":"https:\/\/marketing.equusarea.com\/license-terms\/","name":"Licencias - EQUUS AREA","isPartOf":{"@id":"https:\/\/marketing.equusarea.com\/es\/#website"},"datePublished":"2024-06-18T20:51:27+00:00","dateModified":"2025-04-10T10:26:30+00:00","breadcrumb":{"@id":"https:\/\/marketing.equusarea.com\/license-terms\/#breadcrumb"},"inLanguage":"es","potentialAction":[{"@type":"ReadAction","target":["https:\/\/marketing.equusarea.com\/license-terms\/"]}]},{"@type":"BreadcrumbList","@id":"https:\/\/marketing.equusarea.com\/license-terms\/#breadcrumb","itemListElement":[{"@type":"ListItem","position":1,"name":"Home","item":"https:\/\/marketing.equusarea.com\/es\/"},{"@type":"ListItem","position":2,"name":"Licencias"}]},{"@type":"WebSite","@id":"https:\/\/marketing.equusarea.com\/es\/#website","url":"https:\/\/marketing.equusarea.com\/es\/","name":"EQUUS AREA","description":"Internacional Equestrian Marketplace","publisher":{"@id":"https:\/\/marketing.equusarea.com\/es\/#organization"},"potentialAction":[{"@type":"SearchAction","target":{"@type":"EntryPoint","urlTemplate":"https:\/\/marketing.equusarea.com\/es\/?s={search_term_string}"},"query-input":{"@type":"PropertyValueSpecification","valueRequired":true,"valueName":"search_term_string"}}],"inLanguage":"es"},{"@type":"Organization","@id":"https:\/\/marketing.equusarea.com\/es\/#organization","name":"EQUUS AREA","url":"https:\/\/marketing.equusarea.com\/es\/","logo":{"@type":"ImageObject","inLanguage":"es","@id":"https:\/\/marketing.equusarea.com\/es\/#\/schema\/logo\/image\/","url":"https:\/\/galeria.fra1.digitaloceanspaces.com\/wp-content\/uploads\/2022\/06\/11182919\/cropped-Equusarea-logo.gif","contentUrl":"https:\/\/galeria.fra1.digitaloceanspaces.com\/wp-content\/uploads\/2022\/06\/11182919\/cropped-Equusarea-logo.gif","width":700,"height":274,"caption":"EQUUS AREA"},"image":{"@id":"https:\/\/marketing.equusarea.com\/es\/#\/schema\/logo\/image\/"},"sameAs":["https:\/\/www.facebook.com\/marketing.equusarea\/"]}]}},"_links":{"self":[{"href":"https:\/\/marketing.equusarea.com\/es\/wp-json\/wp\/v2\/pages\/35744","targetHints":{"allow":["GET"]}}],"collection":[{"href":"https:\/\/marketing.equusarea.com\/es\/wp-json\/wp\/v2\/pages"}],"about":[{"href":"https:\/\/marketing.equusarea.com\/es\/wp-json\/wp\/v2\/types\/page"}],"author":[{"embeddable":true,"href":"https:\/\/marketing.equusarea.com\/es\/wp-json\/wp\/v2\/users\/1"}],"replies":[{"embeddable":true,"href":"https:\/\/marketing.equusarea.com\/es\/wp-json\/wp\/v2\/comments?post=35744"}],"version-history":[{"count":0,"href":"https:\/\/marketing.equusarea.com\/es\/wp-json\/wp\/v2\/pages\/35744\/revisions"}],"wp:attachment":[{"href":"https:\/\/marketing.equusarea.com\/es\/wp-json\/wp\/v2\/media?parent=35744"}],"curies":[{"name":"wp","href":"https:\/\/api.w.org\/{rel}","templated":true}]}}