{"id":35736,"date":"2024-06-18T22:39:13","date_gmt":"2024-06-18T20:39:13","guid":{"rendered":"https:\/\/marketing.equusarea.com\/galerias\/"},"modified":"2025-04-08T20:18:48","modified_gmt":"2025-04-08T18:18:48","slug":"galerias","status":"publish","type":"page","link":"https:\/\/marketing.equusarea.com\/es\/galerias\/","title":{"rendered":"Galer\u00edas"},"content":{"rendered":"\t\t<div data-elementor-type=\"wp-page\" data-elementor-id=\"35736\" class=\"elementor elementor-35736 elementor-35502\" data-elementor-post-type=\"page\">\n\t\t\t\t\t\t<section class=\"elementor-section elementor-top-section elementor-element elementor-element-733c8019 elementor-section-boxed elementor-section-height-default elementor-section-height-default\" data-id=\"733c8019\" data-element_type=\"section\" data-e-type=\"section\">\n\t\t\t\t\t\t<div class=\"elementor-container elementor-column-gap-default\">\n\t\t\t\t\t<div class=\"elementor-column elementor-col-100 elementor-top-column elementor-element elementor-element-1c84b2aa\" data-id=\"1c84b2aa\" data-element_type=\"column\" data-e-type=\"column\">\n\t\t\t<div class=\"elementor-widget-wrap elementor-element-populated\">\n\t\t\t\t\t\t<div class=\"elementor-element elementor-element-6efd697 elementor-widget elementor-widget-shortcode\" data-id=\"6efd697\" data-element_type=\"widget\" data-e-type=\"widget\" data-widget_type=\"shortcode.default\">\n\t\t\t\t<div class=\"elementor-widget-container\">\n\t\t\t\t\t\t\t<div class=\"elementor-shortcode\">ngg_shortcode_0_placeholder<\/div>\n\t\t\t\t\t\t<\/div>\n\t\t\t\t<\/div>\n\t\t\t\t\t<\/div>\n\t\t<\/div>\n\t\t\t\t\t<\/div>\n\t\t<\/section>\n\t\t\t\t<\/div>\n\t\t","protected":false},"excerpt":{"rendered":"","protected":false},"author":1,"featured_media":0,"parent":0,"menu_order":0,"comment_status":"closed","ping_status":"closed","template":"elementor_header_footer","meta":{"ngg_post_thumbnail":0,"footnotes":""},"class_list":["post-35736","page","type-page","status-publish","hentry"],"yoast_head":"<!-- This site is optimized with the Yoast SEO Premium plugin v24.7 (Yoast SEO v27.4) - https:\/\/yoast.com\/product\/yoast-seo-premium-wordpress\/ -->\n<title>Galer\u00edas - EQUUS AREA<\/title>\n<meta name=\"description\" content=\"Compra fotos de eventos en la Galer\u00eda de Equusarea. Encuentra y adquiere im\u00e1genes \u00fanicas de tus momentos favoritos, capturados por profesionales.\" \/>\n<meta name=\"robots\" content=\"index, follow, max-snippet:-1, max-image-preview:large, max-video-preview:-1\" \/>\n<link rel=\"canonical\" href=\"https:\/\/marketing.equusarea.com\/galleries\/\" \/>\n<meta property=\"og:locale\" content=\"es_ES\" \/>\n<meta property=\"og:type\" content=\"article\" \/>\n<meta property=\"og:title\" content=\"Galer\u00edas\" \/>\n<meta property=\"og:description\" content=\"Compra fotos de eventos en la Galer\u00eda de Equusarea. Encuentra y adquiere im\u00e1genes \u00fanicas de tus momentos favoritos, capturados por profesionales.\" \/>\n<meta property=\"og:url\" content=\"https:\/\/marketing.equusarea.com\/galleries\/\" \/>\n<meta property=\"og:site_name\" content=\"EQUUS AREA\" \/>\n<meta property=\"article:publisher\" content=\"https:\/\/www.facebook.com\/marketing.equusarea\/\" \/>\n<meta property=\"article:modified_time\" content=\"2025-04-08T18:18:48+00:00\" \/>\n<meta name=\"twitter:card\" content=\"summary_large_image\" \/>\n<meta name=\"twitter:label1\" content=\"Tiempo de lectura\" \/>\n\t<meta name=\"twitter:data1\" content=\"1 minuto\" \/>\n<script type=\"application\/ld+json\" class=\"yoast-schema-graph\">{\"@context\":\"https:\\\/\\\/schema.org\",\"@graph\":[{\"@type\":\"WebPage\",\"@id\":\"https:\\\/\\\/marketing.equusarea.com\\\/galleries\\\/\",\"url\":\"https:\\\/\\\/marketing.equusarea.com\\\/galleries\\\/\",\"name\":\"Galer\u00edas - EQUUS AREA\",\"isPartOf\":{\"@id\":\"https:\\\/\\\/marketing.equusarea.com\\\/es\\\/#website\"},\"datePublished\":\"2024-06-18T20:39:13+00:00\",\"dateModified\":\"2025-04-08T18:18:48+00:00\",\"description\":\"Compra fotos de eventos en la Galer\u00eda de Equusarea. Encuentra y adquiere im\u00e1genes \u00fanicas de tus momentos favoritos, capturados por profesionales.\",\"breadcrumb\":{\"@id\":\"https:\\\/\\\/marketing.equusarea.com\\\/galleries\\\/#breadcrumb\"},\"inLanguage\":\"es\",\"potentialAction\":[{\"@type\":\"ReadAction\",\"target\":[\"https:\\\/\\\/marketing.equusarea.com\\\/galleries\\\/\"]}]},{\"@type\":\"BreadcrumbList\",\"@id\":\"https:\\\/\\\/marketing.equusarea.com\\\/galleries\\\/#breadcrumb\",\"itemListElement\":[{\"@type\":\"ListItem\",\"position\":1,\"name\":\"Home\",\"item\":\"https:\\\/\\\/marketing.equusarea.com\\\/es\\\/\"},{\"@type\":\"ListItem\",\"position\":2,\"name\":\"Galer\u00edas\"}]},{\"@type\":\"WebSite\",\"@id\":\"https:\\\/\\\/marketing.equusarea.com\\\/es\\\/#website\",\"url\":\"https:\\\/\\\/marketing.equusarea.com\\\/es\\\/\",\"name\":\"EQUUS AREA\",\"description\":\"Internacional Equestrian Marketplace\",\"publisher\":{\"@id\":\"https:\\\/\\\/marketing.equusarea.com\\\/es\\\/#organization\"},\"potentialAction\":[{\"@type\":\"SearchAction\",\"target\":{\"@type\":\"EntryPoint\",\"urlTemplate\":\"https:\\\/\\\/marketing.equusarea.com\\\/es\\\/?s={search_term_string}\"},\"query-input\":{\"@type\":\"PropertyValueSpecification\",\"valueRequired\":true,\"valueName\":\"search_term_string\"}}],\"inLanguage\":\"es\"},{\"@type\":\"Organization\",\"@id\":\"https:\\\/\\\/marketing.equusarea.com\\\/es\\\/#organization\",\"name\":\"EQUUS AREA\",\"url\":\"https:\\\/\\\/marketing.equusarea.com\\\/es\\\/\",\"logo\":{\"@type\":\"ImageObject\",\"inLanguage\":\"es\",\"@id\":\"https:\\\/\\\/marketing.equusarea.com\\\/es\\\/#\\\/schema\\\/logo\\\/image\\\/\",\"url\":\"https:\\\/\\\/galeria.fra1.digitaloceanspaces.com\\\/wp-content\\\/uploads\\\/2022\\\/06\\\/11182919\\\/cropped-Equusarea-logo.gif\",\"contentUrl\":\"https:\\\/\\\/galeria.fra1.digitaloceanspaces.com\\\/wp-content\\\/uploads\\\/2022\\\/06\\\/11182919\\\/cropped-Equusarea-logo.gif\",\"width\":700,\"height\":274,\"caption\":\"EQUUS AREA\"},\"image\":{\"@id\":\"https:\\\/\\\/marketing.equusarea.com\\\/es\\\/#\\\/schema\\\/logo\\\/image\\\/\"},\"sameAs\":[\"https:\\\/\\\/www.facebook.com\\\/marketing.equusarea\\\/\"]}]}<\/script>\n<!-- \/ Yoast SEO Premium plugin. -->","yoast_head_json":{"title":"Galer\u00edas - EQUUS AREA","description":"Compra fotos de eventos en la Galer\u00eda de Equusarea. Encuentra y adquiere im\u00e1genes \u00fanicas de tus momentos favoritos, capturados por profesionales.","robots":{"index":"index","follow":"follow","max-snippet":"max-snippet:-1","max-image-preview":"max-image-preview:large","max-video-preview":"max-video-preview:-1"},"canonical":"https:\/\/marketing.equusarea.com\/galleries\/","og_locale":"es_ES","og_type":"article","og_title":"Galer\u00edas","og_description":"Compra fotos de eventos en la Galer\u00eda de Equusarea. Encuentra y adquiere im\u00e1genes \u00fanicas de tus momentos favoritos, capturados por profesionales.","og_url":"https:\/\/marketing.equusarea.com\/galleries\/","og_site_name":"EQUUS AREA","article_publisher":"https:\/\/www.facebook.com\/marketing.equusarea\/","article_modified_time":"2025-04-08T18:18:48+00:00","twitter_card":"summary_large_image","twitter_misc":{"Tiempo de lectura":"1 minuto"},"schema":{"@context":"https:\/\/schema.org","@graph":[{"@type":"WebPage","@id":"https:\/\/marketing.equusarea.com\/galleries\/","url":"https:\/\/marketing.equusarea.com\/galleries\/","name":"Galer\u00edas - EQUUS AREA","isPartOf":{"@id":"https:\/\/marketing.equusarea.com\/es\/#website"},"datePublished":"2024-06-18T20:39:13+00:00","dateModified":"2025-04-08T18:18:48+00:00","description":"Compra fotos de eventos en la Galer\u00eda de Equusarea. Encuentra y adquiere im\u00e1genes \u00fanicas de tus momentos favoritos, capturados por profesionales.","breadcrumb":{"@id":"https:\/\/marketing.equusarea.com\/galleries\/#breadcrumb"},"inLanguage":"es","potentialAction":[{"@type":"ReadAction","target":["https:\/\/marketing.equusarea.com\/galleries\/"]}]},{"@type":"BreadcrumbList","@id":"https:\/\/marketing.equusarea.com\/galleries\/#breadcrumb","itemListElement":[{"@type":"ListItem","position":1,"name":"Home","item":"https:\/\/marketing.equusarea.com\/es\/"},{"@type":"ListItem","position":2,"name":"Galer\u00edas"}]},{"@type":"WebSite","@id":"https:\/\/marketing.equusarea.com\/es\/#website","url":"https:\/\/marketing.equusarea.com\/es\/","name":"EQUUS AREA","description":"Internacional Equestrian Marketplace","publisher":{"@id":"https:\/\/marketing.equusarea.com\/es\/#organization"},"potentialAction":[{"@type":"SearchAction","target":{"@type":"EntryPoint","urlTemplate":"https:\/\/marketing.equusarea.com\/es\/?s={search_term_string}"},"query-input":{"@type":"PropertyValueSpecification","valueRequired":true,"valueName":"search_term_string"}}],"inLanguage":"es"},{"@type":"Organization","@id":"https:\/\/marketing.equusarea.com\/es\/#organization","name":"EQUUS AREA","url":"https:\/\/marketing.equusarea.com\/es\/","logo":{"@type":"ImageObject","inLanguage":"es","@id":"https:\/\/marketing.equusarea.com\/es\/#\/schema\/logo\/image\/","url":"https:\/\/galeria.fra1.digitaloceanspaces.com\/wp-content\/uploads\/2022\/06\/11182919\/cropped-Equusarea-logo.gif","contentUrl":"https:\/\/galeria.fra1.digitaloceanspaces.com\/wp-content\/uploads\/2022\/06\/11182919\/cropped-Equusarea-logo.gif","width":700,"height":274,"caption":"EQUUS AREA"},"image":{"@id":"https:\/\/marketing.equusarea.com\/es\/#\/schema\/logo\/image\/"},"sameAs":["https:\/\/www.facebook.com\/marketing.equusarea\/"]}]}},"_links":{"self":[{"href":"https:\/\/marketing.equusarea.com\/es\/wp-json\/wp\/v2\/pages\/35736","targetHints":{"allow":["GET"]}}],"collection":[{"href":"https:\/\/marketing.equusarea.com\/es\/wp-json\/wp\/v2\/pages"}],"about":[{"href":"https:\/\/marketing.equusarea.com\/es\/wp-json\/wp\/v2\/types\/page"}],"author":[{"embeddable":true,"href":"https:\/\/marketing.equusarea.com\/es\/wp-json\/wp\/v2\/users\/1"}],"replies":[{"embeddable":true,"href":"https:\/\/marketing.equusarea.com\/es\/wp-json\/wp\/v2\/comments?post=35736"}],"version-history":[{"count":0,"href":"https:\/\/marketing.equusarea.com\/es\/wp-json\/wp\/v2\/pages\/35736\/revisions"}],"wp:attachment":[{"href":"https:\/\/marketing.equusarea.com\/es\/wp-json\/wp\/v2\/media?parent=35736"}],"curies":[{"name":"wp","href":"https:\/\/api.w.org\/{rel}","templated":true}]}}